{"id":27,"date":"2017-09-01T21:32:36","date_gmt":"2017-09-01T21:32:36","guid":{"rendered":"https:\/\/www.ferien-wohnung-schoemberg.de\/wp-cki\/?page_id=27"},"modified":"2017-09-09T16:24:51","modified_gmt":"2017-09-09T16:24:51","slug":"lebenslauf","status":"publish","type":"page","link":"https:\/\/www.christophkieser.de\/wp-cki\/lebenslauf\/","title":{"rendered":"Lebenslauf"},"content":{"rendered":"<p><img loading=\"lazy\" decoding=\"async\" class=\"size-medium wp-image-28 aligncenter\" src=\"https:\/\/www.ferien-wohnung-schoemberg.de\/wp-cki\/wp-content\/uploads\/HH_025_web-200x300.jpg\" alt=\"\" width=\"200\" height=\"300\" srcset=\"https:\/\/www.christophkieser.de\/wp-cki\/wp-content\/uploads\/HH_025_web-200x300.jpg 200w, https:\/\/www.christophkieser.de\/wp-cki\/wp-content\/uploads\/HH_025_web.jpg 382w\" sizes=\"auto, (max-width: 200px) 100vw, 200px\" \/><\/p>\n<p>Christoph Kieser studierte an der Hochschule f\u00fcr Musik in Karlsruhe bei Prof. Renate Greiss-Armin und in Helsinki bei Prof. Lisa Ruoho mit den Abschl\u00fcssen Musikerziehung, Orchestermusik und Konzertexamen. Meisterkurse u.a. bei Peter Lukas Graf, Aur\u00e8le Nicolet und Barthold Kujken.<\/p>\n<p>Er unterrichtet an der Musikschule Nagold Querfl\u00f6te, Panfl\u00f6te , Fl\u00f6tenensemble und spielt in verschiedenen Orchestern. Solistische Auftritte u.a. beim Schwarzwald Musikfestival.<\/p>\n<p>Seit einigen Jahren entwickelt er eigene hochwertige Fl\u00f6tenkopfst\u00fccke aus Holz und Silber und ist spezialisiert auf Querfl\u00f6tenoptimierung (Fl\u00f6tentuning) und Reparaturen. Mittlerweile werden seine Fl\u00f6tenk\u00f6pfe auch von namhaften Fl\u00f6tisten gespielt (z.B. Robert Pot, Rudi D\u00f6bler).<\/p>\n<p>Seit 2015 unterrichtet er nach der Suzukimethode an der Musikschule Nagold.<\/p>\n<hr \/>\n<h1><\/h1>\n","protected":false},"excerpt":{"rendered":"<p>Christoph Kieser studierte an der Hochschule f\u00fcr Musik in Karlsruhe bei Prof. Renate Greiss-Armin und in Helsinki bei Prof. Lisa Ruoho mit den Abschl\u00fcssen Musikerziehung, Orchestermusik und Konzertexamen. Meisterkurse u.a. bei Peter Lukas Graf, Aur\u00e8le Nicolet und Barthold Kujken. Er unterrichtet an der Musikschule Nagold Querfl\u00f6te, Panfl\u00f6te , Fl\u00f6tenensemble und spielt in verschiedenen Orchestern. Solistische &hellip; <a href=\"https:\/\/www.christophkieser.de\/wp-cki\/lebenslauf\/\" class=\"more-link\"><span class=\"screen-reader-text\">Lebenslauf<\/span> weiterlesen<\/a><\/p>\n","protected":false},"author":1,"featured_media":0,"parent":0,"menu_order":0,"comment_status":"closed","ping_status":"closed","template":"","meta":{"footnotes":""},"class_list":["post-27","page","type-page","status-publish","hentry"],"_links":{"self":[{"href":"https:\/\/www.christophkieser.de\/wp-cki\/wp-json\/wp\/v2\/pages\/27","targetHints":{"allow":["GET"]}}],"collection":[{"href":"https:\/\/www.christophkieser.de\/wp-cki\/wp-json\/wp\/v2\/pages"}],"about":[{"href":"https:\/\/www.christophkieser.de\/wp-cki\/wp-json\/wp\/v2\/types\/page"}],"author":[{"embeddable":true,"href":"https:\/\/www.christophkieser.de\/wp-cki\/wp-json\/wp\/v2\/users\/1"}],"replies":[{"embeddable":true,"href":"https:\/\/www.christophkieser.de\/wp-cki\/wp-json\/wp\/v2\/comments?post=27"}],"version-history":[{"count":7,"href":"https:\/\/www.christophkieser.de\/wp-cki\/wp-json\/wp\/v2\/pages\/27\/revisions"}],"predecessor-version":[{"id":139,"href":"https:\/\/www.christophkieser.de\/wp-cki\/wp-json\/wp\/v2\/pages\/27\/revisions\/139"}],"wp:attachment":[{"href":"https:\/\/www.christophkieser.de\/wp-cki\/wp-json\/wp\/v2\/media?parent=27"}],"curies":[{"name":"wp","href":"https:\/\/api.w.org\/{rel}","templated":true}]}}